{"id":472,"date":"2023-03-25T02:44:37","date_gmt":"2023-03-25T03:44:37","guid":{"rendered":"https:\/\/queijariasaomiguel.pt\/?page_id=472"},"modified":"2024-10-28T17:52:57","modified_gmt":"2024-10-28T18:52:57","slug":"contacts","status":"publish","type":"page","link":"https:\/\/queijariasaomiguel.pt\/en\/contacts\/","title":{"rendered":"CONTACTS"},"content":{"rendered":"<div data-elementor-type=\"wp-page\" data-elementor-id=\"472\" class=\"elementor elementor-472\">\n\t\t\t\t\t\t<section class=\"elementor-section elementor-top-section elementor-element elementor-element-40bbd08 elementor-section-height-min-height elementor-section-boxed elementor-section-height-default elementor-section-items-middle\" data-id=\"40bbd08\" data-element_type=\"section\" data-settings=\"{&quot;background_background&quot;:&quot;classic&quot;}\">\n\t\t\t\t\t\t\t<div class=\"elementor-background-overlay\"><\/div>\n\t\t\t\t\t\t\t<div class=\"elementor-container elementor-column-gap-default\">\n\t\t\t\t\t<div class=\"elementor-column elementor-col-100 elementor-top-column elementor-element elementor-element-703b03f\" data-id=\"703b03f\" data-element_type=\"column\">\n\t\t\t<div class=\"elementor-widget-wrap elementor-element-populated\">\n\t\t\t\t\t\t<div class=\"elementor-element elementor-element-b7e9238 elementor-widget elementor-widget-spacer\" data-id=\"b7e9238\" data-element_type=\"widget\" data-widget_type=\"spacer.default\">\n\t\t\t\t<div class=\"elementor-widget-container\">\n\t\t\t\t\t\t\t<div class=\"elementor-spacer\">\n\t\t\t<div class=\"elementor-spacer-inner\"><\/div>\n\t\t<\/div>\n\t\t\t\t\t\t<\/div>\n\t\t\t\t<\/div>\n\t\t\t\t<div class=\"elementor-element elementor-element-fa43d49 elementor-invisible elementor-widget elementor-widget-page-title\" data-id=\"fa43d49\" data-element_type=\"widget\" data-settings=\"{&quot;align&quot;:&quot;center&quot;,&quot;_animation&quot;:&quot;fadeInUp&quot;}\" data-widget_type=\"page-title.default\">\n\t\t\t\t<div class=\"elementor-widget-container\">\n\t\t\t\t\t\t\t\n\t\t<div class=\"hfe-page-title hfe-page-title-wrapper elementor-widget-heading\">\n\n\t\t\t\t\t\t\t\t<h1 class=\"elementor-heading-title elementor-size-default\">\n\t\t\t\t\t\t\t\t\n\t\t\t\tCONTACTS  \n\t\t\t<\/h1> \n\t\t\t\t\t<\/div>\n\t\t\t\t\t\t<\/div>\n\t\t\t\t<\/div>\n\t\t\t\t<div class=\"elementor-element elementor-element-10df72b elementor-invisible elementor-widget elementor-widget-heading\" data-id=\"10df72b\" data-element_type=\"widget\" data-settings=\"{&quot;_animation&quot;:&quot;fadeInUp&quot;}\" data-widget_type=\"heading.default\">\n\t\t\t\t<div class=\"elementor-widget-container\">\n\t\t\t\t\t<h2 class=\"elementor-heading-title elementor-size-default\">QUEIJARIA S\u00c3O MIGUEL<\/h2>\t\t\t\t<\/div>\n\t\t\t\t<\/div>\n\t\t\t\t\t<\/div>\n\t\t<\/div>\n\t\t\t\t\t<\/div>\n\t\t<\/section>\n\t\t\t\t<section class=\"elementor-section elementor-top-section elementor-element elementor-element-25ea4acc elementor-section-boxed elementor-section-height-default elementor-section-height-default\" data-id=\"25ea4acc\" data-element_type=\"section\" data-settings=\"{&quot;background_background&quot;:&quot;classic&quot;}\">\n\t\t\t\t\t\t<div class=\"elementor-container elementor-column-gap-default\">\n\t\t\t\t\t<div class=\"elementor-column elementor-col-50 elementor-top-column elementor-element elementor-element-515ee56b elementor-invisible\" data-id=\"515ee56b\" data-element_type=\"column\" data-settings=\"{&quot;background_background&quot;:&quot;classic&quot;,&quot;animation&quot;:&quot;fadeInUp&quot;}\">\n\t\t\t<div class=\"elementor-widget-wrap elementor-element-populated\">\n\t\t\t\t\t\t<div class=\"elementor-element elementor-element-920f4b8 elementor-widget elementor-widget-heading\" data-id=\"920f4b8\" data-element_type=\"widget\" data-widget_type=\"heading.default\">\n\t\t\t\t<div class=\"elementor-widget-container\">\n\t\t\t\t\t<h2 class=\"elementor-heading-title elementor-size-default\">Contact us<\/h2>\t\t\t\t<\/div>\n\t\t\t\t<\/div>\n\t\t\t\t<div class=\"elementor-element elementor-element-17d42f94 elementor-widget elementor-widget-heading\" data-id=\"17d42f94\" data-element_type=\"widget\" data-widget_type=\"heading.default\">\n\t\t\t\t<div class=\"elementor-widget-container\">\n\t\t\t\t\t<div class=\"elementor-heading-title elementor-size-default\">Please feel free to contact us.<\/div>\t\t\t\t<\/div>\n\t\t\t\t<\/div>\n\t\t\t\t<div class=\"elementor-element elementor-element-6dadc4f1 elementor-widget-divider--view-line elementor-widget elementor-widget-divider\" data-id=\"6dadc4f1\" data-element_type=\"widget\" data-widget_type=\"divider.default\">\n\t\t\t\t<div class=\"elementor-widget-container\">\n\t\t\t\t\t\t\t<div class=\"elementor-divider\">\n\t\t\t<span class=\"elementor-divider-separator\">\n\t\t\t\t\t\t<\/span>\n\t\t<\/div>\n\t\t\t\t\t\t<\/div>\n\t\t\t\t<\/div>\n\t\t\t\t<div class=\"elementor-element elementor-element-62aa41f elementor-view-stacked elementor-position-left elementor-mobile-position-left elementor-shape-circle elementor-vertical-align-top elementor-widget elementor-widget-icon-box\" data-id=\"62aa41f\" data-element_type=\"widget\" data-widget_type=\"icon-box.default\">\n\t\t\t\t<div class=\"elementor-widget-container\">\n\t\t\t\t\t\t\t<div class=\"elementor-icon-box-wrapper\">\n\n\t\t\t\t\t\t<div class=\"elementor-icon-box-icon\">\n\t\t\t\t<span  class=\"elementor-icon\">\n\t\t\t\t<i aria-hidden=\"true\" class=\"icon icon-map-marker1\"><\/i>\t\t\t\t<\/span>\n\t\t\t<\/div>\n\t\t\t\n\t\t\t\t\t\t<div class=\"elementor-icon-box-content\">\n\n\t\t\t\t\t\t\t\t\t<div class=\"elementor-icon-box-title\">\n\t\t\t\t\t\t<span  >\n\t\t\t\t\t\t\tAddress\t\t\t\t\t\t<\/span>\n\t\t\t\t\t<\/div>\n\t\t\t\t\n\t\t\t\t\t\t\t\t\t<p class=\"elementor-icon-box-description\">\n\t\t\t\t\t\tRua da Carreira 38, 9500-371 Arrifes, S\u00e3o Miguel\t\t\t\t\t<\/p>\n\t\t\t\t\n\t\t\t<\/div>\n\t\t\t\n\t\t<\/div>\n\t\t\t\t\t\t<\/div>\n\t\t\t\t<\/div>\n\t\t\t\t<div class=\"elementor-element elementor-element-3620cfd8 elementor-view-stacked elementor-position-left elementor-mobile-position-left elementor-shape-circle elementor-vertical-align-top elementor-widget elementor-widget-icon-box\" data-id=\"3620cfd8\" data-element_type=\"widget\" data-widget_type=\"icon-box.default\">\n\t\t\t\t<div class=\"elementor-widget-container\">\n\t\t\t\t\t\t\t<div class=\"elementor-icon-box-wrapper\">\n\n\t\t\t\t\t\t<div class=\"elementor-icon-box-icon\">\n\t\t\t\t<span  class=\"elementor-icon\">\n\t\t\t\t<i aria-hidden=\"true\" class=\"icon icon-envelope2\"><\/i>\t\t\t\t<\/span>\n\t\t\t<\/div>\n\t\t\t\n\t\t\t\t\t\t<div class=\"elementor-icon-box-content\">\n\n\t\t\t\t\t\t\t\t\t<div class=\"elementor-icon-box-title\">\n\t\t\t\t\t\t<span  >\n\t\t\t\t\t\t\tEmail\t\t\t\t\t\t<\/span>\n\t\t\t\t\t<\/div>\n\t\t\t\t\n\t\t\t\t\t\t\t\t\t<p class=\"elementor-icon-box-description\">\n\t\t\t\t\t\tqueijaria.sao.miguel@gmail.com\t\t\t\t\t<\/p>\n\t\t\t\t\n\t\t\t<\/div>\n\t\t\t\n\t\t<\/div>\n\t\t\t\t\t\t<\/div>\n\t\t\t\t<\/div>\n\t\t\t\t<div class=\"elementor-element elementor-element-1c87cb8 elementor-view-stacked elementor-position-left elementor-mobile-position-left elementor-shape-circle elementor-vertical-align-top elementor-widget elementor-widget-icon-box\" data-id=\"1c87cb8\" data-element_type=\"widget\" data-widget_type=\"icon-box.default\">\n\t\t\t\t<div class=\"elementor-widget-container\">\n\t\t\t\t\t\t\t<div class=\"elementor-icon-box-wrapper\">\n\n\t\t\t\t\t\t<div class=\"elementor-icon-box-icon\">\n\t\t\t\t<span  class=\"elementor-icon\">\n\t\t\t\t<i aria-hidden=\"true\" class=\"lnr lnr-phone-handset\"><\/i>\t\t\t\t<\/span>\n\t\t\t<\/div>\n\t\t\t\n\t\t\t\t\t\t<div class=\"elementor-icon-box-content\">\n\n\t\t\t\t\t\t\t\t\t<div class=\"elementor-icon-box-title\">\n\t\t\t\t\t\t<span  >\n\t\t\t\t\t\t\tCall us\t\t\t\t\t\t<\/span>\n\t\t\t\t\t<\/div>\n\t\t\t\t\n\t\t\t\t\t\t\t\t\t<p class=\"elementor-icon-box-description\">\n\t\t\t\t\t\t(+351) 917 187 524*\t\t\t\t\t<\/p>\n\t\t\t\t\n\t\t\t<\/div>\n\t\t\t\n\t\t<\/div>\n\t\t\t\t\t\t<\/div>\n\t\t\t\t<\/div>\n\t\t\t\t\t<\/div>\n\t\t<\/div>\n\t\t\t\t<div class=\"elementor-column elementor-col-50 elementor-top-column elementor-element elementor-element-4899652 elementor-invisible\" data-id=\"4899652\" data-element_type=\"column\" data-settings=\"{&quot;animation&quot;:&quot;fadeInUp&quot;,&quot;animation_delay&quot;:200}\">\n\t\t\t<div class=\"elementor-widget-wrap elementor-element-populated\">\n\t\t\t\t\t\t<div class=\"elementor-element elementor-element-48b2f4d0 elementor-widget elementor-widget-google_maps\" data-id=\"48b2f4d0\" data-element_type=\"widget\" data-widget_type=\"google_maps.default\">\n\t\t\t\t<div class=\"elementor-widget-container\">\n\t\t\t\t\t\t\t<div class=\"elementor-custom-embed\">\n\t\t\t<iframe loading=\"lazy\"\n\t\t\t\t\tsrc=\"https:\/\/maps.google.com\/maps?q=Queijaria%20S%C3%A3o%20Miguel%2C%20de%20Rodrigues&#038;t=m&#038;z=12&#038;output=embed&#038;iwloc=near\"\n\t\t\t\t\ttitle=\"Queijaria S\u00e3o Miguel, de Rodrigues\"\n\t\t\t\t\taria-label=\"Queijaria S\u00e3o Miguel, de Rodrigues\"\n\t\t\t><\/iframe>\n\t\t<\/div>\n\t\t\t\t\t\t<\/div>\n\t\t\t\t<\/div>\n\t\t\t\t\t<\/div>\n\t\t<\/div>\n\t\t\t\t\t<\/div>\n\t\t<\/section>\n\t\t\t\t<section class=\"elementor-section elementor-top-section elementor-element elementor-element-4e7aebf elementor-section-boxed elementor-section-height-default elementor-section-height-default elementor-invisible\" data-id=\"4e7aebf\" data-element_type=\"section\" data-settings=\"{&quot;animation&quot;:&quot;fadeInUp&quot;}\">\n\t\t\t\t\t\t<div class=\"elementor-container elementor-column-gap-default\">\n\t\t\t\t\t<div class=\"elementor-column elementor-col-100 elementor-top-column elementor-element elementor-element-e820d29\" data-id=\"e820d29\" data-element_type=\"column\">\n\t\t\t<div class=\"elementor-widget-wrap elementor-element-populated\">\n\t\t\t\t\t\t<div class=\"elementor-element elementor-element-48e516f elementor-align-center elementor-widget elementor-widget-elementskit-button\" data-id=\"48e516f\" data-element_type=\"widget\" data-widget_type=\"elementskit-button.default\">\n\t\t\t\t<div class=\"elementor-widget-container\">\n\t\t\t\t\t<div class=\"ekit-wid-con\" >\t\t<div class=\"ekit-btn-wraper\">\n\t\t\t\t\t\t\t<a href=\"https:\/\/www.google.com\/maps\/place\/Queijaria+S%C3%A3o+Miguel,+De+Rodrigues+%26+Salgado,+Lda.\/@37.7699937,-25.6943343,17z\/data=!3m1!4b1!4m6!3m5!1s0xb432b141d352975:0xa0434535a3799b8c!8m2!3d37.7699937!4d-25.6921403!16s%2Fg%2F11bbrltl49\" target=\"_blank\" class=\"elementskit-btn  whitespace--normal\" id=\"\">\n\t\t\t\t\t<i class=\"icon icon-map-marker1\"><\/i>GET DIRECTIONS\t\t\t\t<\/a>\n\t\t\t\t\t<\/div>\n        <\/div>\t\t\t\t<\/div>\n\t\t\t\t<\/div>\n\t\t\t\t\t<\/div>\n\t\t<\/div>\n\t\t\t\t\t<\/div>\n\t\t<\/section>\n\t\t\t\t<\/div>","protected":false},"excerpt":{"rendered":"<p>CONTACTOS QUEIJARIA S\u00c3O MIGUEL Entre em contacto connosco Sinta-se \u00e0 vontade em nos contactar Morada Rua da Carreira 38, 9500-371 Arrifes, S\u00e3o Miguel Email queijaria.sao.miguel@gmail.com Ligue-nos (+351) 917 187 524* OBTER DIRE\u00c7\u00d5ES<\/p>","protected":false},"author":1,"featured_media":767,"parent":0,"menu_order":6,"comment_status":"closed","ping_status":"closed","template":"elementor_header_footer","meta":{"footnotes":""},"class_list":["post-472","page","type-page","status-publish","has-post-thumbnail","hentry"],"yoast_head":"<!-- This site is optimized with the Yoast SEO plugin v24.3 - https:\/\/yoast.com\/wordpress\/plugins\/seo\/ -->\n<title>CONTACTOS - QUEIJARIA S\u00c3O MIGUEL - A\u00e7ores<\/title>\n<meta name=\"description\" content=\"Sinta-se \u00e0 vontade em nos contactar\u200b\" \/>\n<meta name=\"robots\" content=\"index, follow, max-snippet:-1, max-image-preview:large, max-video-preview:-1\" \/>\n<link rel=\"canonical\" href=\"https:\/\/queijariasaomiguel.pt\/en\/contacts\/\" \/>\n<meta property=\"og:locale\" content=\"en_GB\" \/>\n<meta property=\"og:type\" content=\"article\" \/>\n<meta property=\"og:title\" content=\"CONTACTOS - QUEIJARIA S\u00c3O MIGUEL - A\u00e7ores\" \/>\n<meta property=\"og:description\" content=\"Sinta-se \u00e0 vontade em nos contactar\u200b\" \/>\n<meta property=\"og:url\" content=\"https:\/\/queijariasaomiguel.pt\/en\/contacts\/\" \/>\n<meta property=\"og:site_name\" content=\"QUEIJARIA S\u00c3O MIGUEL - A\u00e7ores\" \/>\n<meta property=\"article:modified_time\" content=\"2024-10-28T18:52:57+00:00\" \/>\n<meta property=\"og:image\" content=\"https:\/\/queijariasaomiguel.pt\/wp-content\/uploads\/2023\/03\/green-island-with-rocky-coast-Copy.jpg\" \/>\n\t<meta property=\"og:image:width\" content=\"1920\" \/>\n\t<meta property=\"og:image:height\" content=\"1279\" \/>\n\t<meta property=\"og:image:type\" content=\"image\/jpeg\" \/>\n<meta name=\"twitter:card\" content=\"summary_large_image\" \/>\n<meta name=\"twitter:title\" content=\"CONTACTOS - QUEIJARIA S\u00c3O MIGUEL - A\u00e7ores\" \/>\n<meta name=\"twitter:description\" content=\"Sinta-se \u00e0 vontade em nos contactar\u200b\" \/>\n<meta name=\"twitter:image\" content=\"https:\/\/queijariasaomiguel.pt\/wp-content\/uploads\/2023\/03\/green-island-with-rocky-coast-Copy.jpg\" \/>\n<meta name=\"twitter:label1\" content=\"Estimated reading time\" \/>\n\t<meta name=\"twitter:data1\" content=\"1 minute\" \/>\n<script type=\"application\/ld+json\" class=\"yoast-schema-graph\">{\"@context\":\"https:\/\/schema.org\",\"@graph\":[{\"@type\":[\"WebPage\",\"ContactPage\"],\"@id\":\"https:\/\/queijariasaomiguel.pt\/contacts\/\",\"url\":\"https:\/\/queijariasaomiguel.pt\/contacts\/\",\"name\":\"CONTACTOS - QUEIJARIA S\u00c3O MIGUEL - A\u00e7ores\",\"isPartOf\":{\"@id\":\"https:\/\/queijariasaomiguel.pt\/#website\"},\"primaryImageOfPage\":{\"@id\":\"https:\/\/queijariasaomiguel.pt\/contacts\/#primaryimage\"},\"image\":{\"@id\":\"https:\/\/queijariasaomiguel.pt\/contacts\/#primaryimage\"},\"thumbnailUrl\":\"https:\/\/queijariasaomiguel.pt\/wp-content\/uploads\/2023\/03\/green-island-with-rocky-coast-Copy.jpg\",\"datePublished\":\"2023-03-25T03:44:37+00:00\",\"dateModified\":\"2024-10-28T18:52:57+00:00\",\"description\":\"Sinta-se \u00e0 vontade em nos contactar\u200b\",\"breadcrumb\":{\"@id\":\"https:\/\/queijariasaomiguel.pt\/contacts\/#breadcrumb\"},\"inLanguage\":\"en-GB\",\"potentialAction\":[{\"@type\":\"ReadAction\",\"target\":[\"https:\/\/queijariasaomiguel.pt\/contacts\/\"]}]},{\"@type\":\"ImageObject\",\"inLanguage\":\"en-GB\",\"@id\":\"https:\/\/queijariasaomiguel.pt\/contacts\/#primaryimage\",\"url\":\"https:\/\/queijariasaomiguel.pt\/wp-content\/uploads\/2023\/03\/green-island-with-rocky-coast-Copy.jpg\",\"contentUrl\":\"https:\/\/queijariasaomiguel.pt\/wp-content\/uploads\/2023\/03\/green-island-with-rocky-coast-Copy.jpg\",\"width\":1920,\"height\":1279},{\"@type\":\"BreadcrumbList\",\"@id\":\"https:\/\/queijariasaomiguel.pt\/contacts\/#breadcrumb\",\"itemListElement\":[{\"@type\":\"ListItem\",\"position\":1,\"name\":\"In\u00edcio\",\"item\":\"https:\/\/queijariasaomiguel.pt\/\"},{\"@type\":\"ListItem\",\"position\":2,\"name\":\"Contactos\"}]},{\"@type\":\"WebSite\",\"@id\":\"https:\/\/queijariasaomiguel.pt\/#website\",\"url\":\"https:\/\/queijariasaomiguel.pt\/\",\"name\":\"QUEIJARIA S\u00c3O MIGUEL - A\u00e7ores\",\"description\":\"Trazemos um novo sabor \u00e0 sua cozinha!\",\"publisher\":{\"@id\":\"https:\/\/queijariasaomiguel.pt\/#organization\"},\"potentialAction\":[{\"@type\":\"SearchAction\",\"target\":{\"@type\":\"EntryPoint\",\"urlTemplate\":\"https:\/\/queijariasaomiguel.pt\/?s={search_term_string}\"},\"query-input\":{\"@type\":\"PropertyValueSpecification\",\"valueRequired\":true,\"valueName\":\"search_term_string\"}}],\"inLanguage\":\"en-GB\"},{\"@type\":\"Organization\",\"@id\":\"https:\/\/queijariasaomiguel.pt\/#organization\",\"name\":\"QUEIJARIA S\u00c3O MIGUEL - A\u00e7ores\",\"url\":\"https:\/\/queijariasaomiguel.pt\/\",\"logo\":{\"@type\":\"ImageObject\",\"inLanguage\":\"en-GB\",\"@id\":\"https:\/\/queijariasaomiguel.pt\/#\/schema\/logo\/image\/\",\"url\":\"https:\/\/queijariasaomiguel.pt\/wp-content\/uploads\/2022\/12\/LOGO_FINAL.png\",\"contentUrl\":\"https:\/\/queijariasaomiguel.pt\/wp-content\/uploads\/2022\/12\/LOGO_FINAL.png\",\"width\":3307,\"height\":2077,\"caption\":\"QUEIJARIA S\u00c3O MIGUEL - A\u00e7ores\"},\"image\":{\"@id\":\"https:\/\/queijariasaomiguel.pt\/#\/schema\/logo\/image\/\"}}]}<\/script>\n<!-- \/ Yoast SEO plugin. -->","yoast_head_json":{"title":"CONTACTOS - QUEIJARIA S\u00c3O MIGUEL - A\u00e7ores","description":"Sinta-se \u00e0 vontade em nos contactar\u200b","robots":{"index":"index","follow":"follow","max-snippet":"max-snippet:-1","max-image-preview":"max-image-preview:large","max-video-preview":"max-video-preview:-1"},"canonical":"https:\/\/queijariasaomiguel.pt\/en\/contacts\/","og_locale":"en_GB","og_type":"article","og_title":"CONTACTOS - QUEIJARIA S\u00c3O MIGUEL - A\u00e7ores","og_description":"Sinta-se \u00e0 vontade em nos contactar\u200b","og_url":"https:\/\/queijariasaomiguel.pt\/en\/contacts\/","og_site_name":"QUEIJARIA S\u00c3O MIGUEL - A\u00e7ores","article_modified_time":"2024-10-28T18:52:57+00:00","og_image":[{"width":1920,"height":1279,"url":"https:\/\/queijariasaomiguel.pt\/wp-content\/uploads\/2023\/03\/green-island-with-rocky-coast-Copy.jpg","type":"image\/jpeg"}],"twitter_card":"summary_large_image","twitter_title":"CONTACTOS - QUEIJARIA S\u00c3O MIGUEL - A\u00e7ores","twitter_description":"Sinta-se \u00e0 vontade em nos contactar\u200b","twitter_image":"https:\/\/queijariasaomiguel.pt\/wp-content\/uploads\/2023\/03\/green-island-with-rocky-coast-Copy.jpg","twitter_misc":{"Estimated reading time":"1 minute"},"schema":{"@context":"https:\/\/schema.org","@graph":[{"@type":["WebPage","ContactPage"],"@id":"https:\/\/queijariasaomiguel.pt\/contacts\/","url":"https:\/\/queijariasaomiguel.pt\/contacts\/","name":"CONTACTOS - QUEIJARIA S\u00c3O MIGUEL - A\u00e7ores","isPartOf":{"@id":"https:\/\/queijariasaomiguel.pt\/#website"},"primaryImageOfPage":{"@id":"https:\/\/queijariasaomiguel.pt\/contacts\/#primaryimage"},"image":{"@id":"https:\/\/queijariasaomiguel.pt\/contacts\/#primaryimage"},"thumbnailUrl":"https:\/\/queijariasaomiguel.pt\/wp-content\/uploads\/2023\/03\/green-island-with-rocky-coast-Copy.jpg","datePublished":"2023-03-25T03:44:37+00:00","dateModified":"2024-10-28T18:52:57+00:00","description":"Sinta-se \u00e0 vontade em nos contactar\u200b","breadcrumb":{"@id":"https:\/\/queijariasaomiguel.pt\/contacts\/#breadcrumb"},"inLanguage":"en-GB","potentialAction":[{"@type":"ReadAction","target":["https:\/\/queijariasaomiguel.pt\/contacts\/"]}]},{"@type":"ImageObject","inLanguage":"en-GB","@id":"https:\/\/queijariasaomiguel.pt\/contacts\/#primaryimage","url":"https:\/\/queijariasaomiguel.pt\/wp-content\/uploads\/2023\/03\/green-island-with-rocky-coast-Copy.jpg","contentUrl":"https:\/\/queijariasaomiguel.pt\/wp-content\/uploads\/2023\/03\/green-island-with-rocky-coast-Copy.jpg","width":1920,"height":1279},{"@type":"BreadcrumbList","@id":"https:\/\/queijariasaomiguel.pt\/contacts\/#breadcrumb","itemListElement":[{"@type":"ListItem","position":1,"name":"In\u00edcio","item":"https:\/\/queijariasaomiguel.pt\/"},{"@type":"ListItem","position":2,"name":"Contactos"}]},{"@type":"WebSite","@id":"https:\/\/queijariasaomiguel.pt\/#website","url":"https:\/\/queijariasaomiguel.pt\/","name":"QUEIJARIA S\u00c3O MIGUEL - A\u00e7ores","description":"Trazemos um novo sabor \u00e0 sua cozinha!","publisher":{"@id":"https:\/\/queijariasaomiguel.pt\/#organization"},"potentialAction":[{"@type":"SearchAction","target":{"@type":"EntryPoint","urlTemplate":"https:\/\/queijariasaomiguel.pt\/?s={search_term_string}"},"query-input":{"@type":"PropertyValueSpecification","valueRequired":true,"valueName":"search_term_string"}}],"inLanguage":"en-GB"},{"@type":"Organization","@id":"https:\/\/queijariasaomiguel.pt\/#organization","name":"QUEIJARIA S\u00c3O MIGUEL - A\u00e7ores","url":"https:\/\/queijariasaomiguel.pt\/","logo":{"@type":"ImageObject","inLanguage":"en-GB","@id":"https:\/\/queijariasaomiguel.pt\/#\/schema\/logo\/image\/","url":"https:\/\/queijariasaomiguel.pt\/wp-content\/uploads\/2022\/12\/LOGO_FINAL.png","contentUrl":"https:\/\/queijariasaomiguel.pt\/wp-content\/uploads\/2022\/12\/LOGO_FINAL.png","width":3307,"height":2077,"caption":"QUEIJARIA S\u00c3O MIGUEL - A\u00e7ores"},"image":{"@id":"https:\/\/queijariasaomiguel.pt\/#\/schema\/logo\/image\/"}}]}},"_links":{"self":[{"href":"https:\/\/queijariasaomiguel.pt\/en\/wp-json\/wp\/v2\/pages\/472","targetHints":{"allow":["GET"]}}],"collection":[{"href":"https:\/\/queijariasaomiguel.pt\/en\/wp-json\/wp\/v2\/pages"}],"about":[{"href":"https:\/\/queijariasaomiguel.pt\/en\/wp-json\/wp\/v2\/types\/page"}],"author":[{"embeddable":true,"href":"https:\/\/queijariasaomiguel.pt\/en\/wp-json\/wp\/v2\/users\/1"}],"replies":[{"embeddable":true,"href":"https:\/\/queijariasaomiguel.pt\/en\/wp-json\/wp\/v2\/comments?post=472"}],"version-history":[{"count":0,"href":"https:\/\/queijariasaomiguel.pt\/en\/wp-json\/wp\/v2\/pages\/472\/revisions"}],"wp:featuredmedia":[{"embeddable":true,"href":"https:\/\/queijariasaomiguel.pt\/en\/wp-json\/wp\/v2\/media\/767"}],"wp:attachment":[{"href":"https:\/\/queijariasaomiguel.pt\/en\/wp-json\/wp\/v2\/media?parent=472"}],"curies":[{"name":"wp","href":"https:\/\/api.w.org\/{rel}","templated":true}]}}