{"id":2505,"date":"2025-11-20T18:49:07","date_gmt":"2025-11-20T19:49:07","guid":{"rendered":"https:\/\/queijariasaomiguel.pt\/?page_id=2505"},"modified":"2025-11-24T17:16:03","modified_gmt":"2025-11-24T18:16:03","slug":"projetos-prr","status":"publish","type":"page","link":"https:\/\/queijariasaomiguel.pt\/en\/projetos-prr\/","title":{"rendered":"PROJETOS PRR"},"content":{"rendered":"<div data-elementor-type=\"wp-page\" data-elementor-id=\"2505\" class=\"elementor elementor-2505\">\n\t\t\t\t\t\t<section class=\"elementor-section elementor-top-section elementor-element elementor-element-40bbd08 elementor-section-height-min-height elementor-section-boxed elementor-section-height-default elementor-section-items-middle\" data-id=\"40bbd08\" data-element_type=\"section\" data-settings=\"{&quot;background_background&quot;:&quot;classic&quot;}\">\n\t\t\t\t\t\t\t<div class=\"elementor-background-overlay\"><\/div>\n\t\t\t\t\t\t\t<div class=\"elementor-container elementor-column-gap-default\">\n\t\t\t\t\t<div class=\"elementor-column elementor-col-100 elementor-top-column elementor-element elementor-element-703b03f\" data-id=\"703b03f\" data-element_type=\"column\">\n\t\t\t<div class=\"elementor-widget-wrap elementor-element-populated\">\n\t\t\t\t\t\t<div class=\"elementor-element elementor-element-b7e9238 elementor-widget elementor-widget-spacer\" data-id=\"b7e9238\" data-element_type=\"widget\" data-widget_type=\"spacer.default\">\n\t\t\t\t<div class=\"elementor-widget-container\">\n\t\t\t\t\t\t\t<div class=\"elementor-spacer\">\n\t\t\t<div class=\"elementor-spacer-inner\"><\/div>\n\t\t<\/div>\n\t\t\t\t\t\t<\/div>\n\t\t\t\t<\/div>\n\t\t\t\t<div class=\"elementor-element elementor-element-fa43d49 elementor-invisible elementor-widget elementor-widget-page-title\" data-id=\"fa43d49\" data-element_type=\"widget\" data-settings=\"{&quot;align&quot;:&quot;center&quot;,&quot;_animation&quot;:&quot;fadeInUp&quot;}\" data-widget_type=\"page-title.default\">\n\t\t\t\t<div class=\"elementor-widget-container\">\n\t\t\t\t\t\t\t\n\t\t<div class=\"hfe-page-title hfe-page-title-wrapper elementor-widget-heading\">\n\n\t\t\t\t\t\t\t\t<h1 class=\"elementor-heading-title elementor-size-default\">\n\t\t\t\t\t\t\t\t\n\t\t\t\tPROJETOS PRR  \n\t\t\t<\/h1> \n\t\t\t\t\t<\/div>\n\t\t\t\t\t\t<\/div>\n\t\t\t\t<\/div>\n\t\t\t\t<div class=\"elementor-element elementor-element-10df72b elementor-invisible elementor-widget elementor-widget-heading\" data-id=\"10df72b\" data-element_type=\"widget\" data-settings=\"{&quot;_animation&quot;:&quot;fadeInUp&quot;}\" data-widget_type=\"heading.default\">\n\t\t\t\t<div class=\"elementor-widget-container\">\n\t\t\t\t\t<h2 class=\"elementor-heading-title elementor-size-default\">QUEIJARIA S\u00c3O MIGUEL<\/h2>\t\t\t\t<\/div>\n\t\t\t\t<\/div>\n\t\t\t\t\t<\/div>\n\t\t<\/div>\n\t\t\t\t\t<\/div>\n\t\t<\/section>\n\t\t\t\t<section class=\"elementor-section elementor-top-section elementor-element elementor-element-25ea4acc elementor-section-boxed elementor-section-height-default elementor-section-height-default\" data-id=\"25ea4acc\" data-element_type=\"section\" data-settings=\"{&quot;background_background&quot;:&quot;classic&quot;}\">\n\t\t\t\t\t\t<div class=\"elementor-container elementor-column-gap-default\">\n\t\t\t\t\t<div class=\"elementor-column elementor-col-100 elementor-top-column elementor-element elementor-element-d4f74cd\" data-id=\"d4f74cd\" data-element_type=\"column\">\n\t\t\t<div class=\"elementor-widget-wrap elementor-element-populated\">\n\t\t\t\t\t\t<div class=\"elementor-element elementor-element-4cb94ab elementor-invisible elementor-widget elementor-widget-text-editor\" data-id=\"4cb94ab\" data-element_type=\"widget\" data-settings=\"{&quot;_animation&quot;:&quot;fadeInUp&quot;}\" data-widget_type=\"text-editor.default\">\n\t\t\t\t<div class=\"elementor-widget-container\">\n\t\t\t\t\t\t\t\t\t<p><strong>Opera\u00e7\u00e3o:<\/strong> PRR.RAA.60.1.2.000020<\/p><p><strong>Descri\u00e7\u00e3o:<\/strong> O presente projeto visa contribuir para a digitaliza\u00e7\u00e3o e transi\u00e7\u00e3o verde da atiivdade da entidade promotora, alinhado-se com o plano estrat\u00e9gico e de crescimento da mesma. Para o efeito, a empresa pretende adquirir equipamentos mais eficientes energeticamente, que reduzam os res\u00edduos gerados e que garantam a digitaliza\u00e7\u00e3o de alguns processos administrativos.<\/p><p><strong>Objetivos:<\/strong> Incrementar a efici\u00eancia organizacional por via da digitaliza\u00e7\u00e3o de processos organizacionais relacionados com a fatura\u00e7\u00e3o; Melhorar a produtividade atual, pela via da aquisi\u00e7\u00e3o de novos equipamentos; reduzir a pegada ambiental do processo produtivo; contribuir para a manuten\u00e7\u00e3o da imagem de marca da empresa associada \u00e0 qualidade e sustentabilidade social e ambiental.<\/p><p><strong>Resultados:<\/strong> Redu\u00e7\u00e3o do consumo de energia el\u00e9trica; aumento do volume de neg\u00f3cios; reduzir desperd\u00edcios; transitar para embalagens mais amigas do ambiente; e transitar para a digitaliza\u00e7\u00e3o administrativa.<\/p>\t\t\t\t\t\t\t\t<\/div>\n\t\t\t\t<\/div>\n\t\t\t\t<div class=\"elementor-element elementor-element-cabb585 elementor-widget elementor-widget-image\" data-id=\"cabb585\" data-element_type=\"widget\" data-widget_type=\"image.default\">\n\t\t\t\t<div class=\"elementor-widget-container\">\n\t\t\t\t\t\t\t\t\t\t\t\t\t\t\t<img fetchpriority=\"high\" decoding=\"async\" width=\"800\" height=\"83\" src=\"https:\/\/queijariasaomiguel.pt\/wp-content\/uploads\/2025\/11\/BARRA_ACORES_PRR-1024x106.png\" class=\"attachment-large size-large wp-image-2518\" alt=\"\" srcset=\"https:\/\/queijariasaomiguel.pt\/wp-content\/uploads\/2025\/11\/BARRA_ACORES_PRR-1024x106.png 1024w, https:\/\/queijariasaomiguel.pt\/wp-content\/uploads\/2025\/11\/BARRA_ACORES_PRR-300x31.png 300w, https:\/\/queijariasaomiguel.pt\/wp-content\/uploads\/2025\/11\/BARRA_ACORES_PRR-768x80.png 768w, https:\/\/queijariasaomiguel.pt\/wp-content\/uploads\/2025\/11\/BARRA_ACORES_PRR-1536x160.png 1536w, https:\/\/queijariasaomiguel.pt\/wp-content\/uploads\/2025\/11\/BARRA_ACORES_PRR-2048x213.png 2048w, https:\/\/queijariasaomiguel.pt\/wp-content\/uploads\/2025\/11\/BARRA_ACORES_PRR-18x2.png 18w\" sizes=\"(max-width: 800px) 100vw, 800px\" \/>\t\t\t\t\t\t\t\t\t\t\t\t\t\t\t<\/div>\n\t\t\t\t<\/div>\n\t\t\t\t\t<\/div>\n\t\t<\/div>\n\t\t\t\t\t<\/div>\n\t\t<\/section>\n\t\t\t\t<\/div>","protected":false},"excerpt":{"rendered":"<p>PROJETOS PRR QUEIJARIA S\u00c3O MIGUEL Opera\u00e7\u00e3o: PRR.RAA.60.1.2.000020 Descri\u00e7\u00e3o: O presente projeto visa contribuir para a digitaliza\u00e7\u00e3o e transi\u00e7\u00e3o verde da atiivdade da entidade promotora, alinhado-se com o plano estrat\u00e9gico e de crescimento da mesma. Para o efeito, a empresa pretende adquirir equipamentos mais eficientes energeticamente, que reduzam os res\u00edduos gerados e que garantam a digitaliza\u00e7\u00e3o [&hellip;]<\/p>","protected":false},"author":1,"featured_media":770,"parent":0,"menu_order":9,"comment_status":"closed","ping_status":"closed","template":"elementor_header_footer","meta":{"footnotes":""},"class_list":["post-2505","page","type-page","status-publish","has-post-thumbnail","hentry"],"yoast_head":"<!-- This site is optimized with the Yoast SEO plugin v24.3 - https:\/\/yoast.com\/wordpress\/plugins\/seo\/ -->\n<title>PROJETOS PRR - QUEIJARIA S\u00c3O MIGUEL - A\u00e7ores<\/title>\n<meta name=\"description\" content=\"Por favor, leia as nossas pol\u00edticas de privacidade e de cookies.\" \/>\n<meta name=\"robots\" content=\"index, follow, max-snippet:-1, max-image-preview:large, max-video-preview:-1\" \/>\n<link rel=\"canonical\" href=\"https:\/\/queijariasaomiguel.pt\/en\/cookiespolicy\/\" \/>\n<meta property=\"og:locale\" content=\"en_GB\" \/>\n<meta property=\"og:type\" content=\"article\" \/>\n<meta property=\"og:title\" content=\"PROJETOS PRR - QUEIJARIA S\u00c3O MIGUEL - A\u00e7ores\" \/>\n<meta property=\"og:description\" content=\"Por favor, leia as nossas pol\u00edticas de privacidade e de cookies.\" \/>\n<meta property=\"og:url\" content=\"https:\/\/queijariasaomiguel.pt\/en\/cookiespolicy\/\" \/>\n<meta property=\"og:site_name\" content=\"QUEIJARIA S\u00c3O MIGUEL - A\u00e7ores\" \/>\n<meta property=\"article:modified_time\" content=\"2025-11-24T18:16:03+00:00\" \/>\n<meta property=\"og:image\" content=\"https:\/\/queijariasaomiguel.pt\/wp-content\/uploads\/2023\/03\/sandro-kradolfer-ywbvSBeWFPo-unsplash-Copy.jpg\" \/>\n\t<meta property=\"og:image:width\" content=\"1920\" \/>\n\t<meta property=\"og:image:height\" content=\"1280\" \/>\n\t<meta property=\"og:image:type\" content=\"image\/jpeg\" \/>\n<meta name=\"twitter:card\" content=\"summary_large_image\" \/>\n<meta name=\"twitter:title\" content=\"PROJETOS PRR - QUEIJARIA S\u00c3O MIGUEL - A\u00e7ores\" \/>\n<meta name=\"twitter:description\" content=\"Por favor, leia as nossas pol\u00edticas de privacidade e de cookies.\" \/>\n<meta name=\"twitter:image\" content=\"https:\/\/queijariasaomiguel.pt\/wp-content\/uploads\/2023\/03\/sandro-kradolfer-ywbvSBeWFPo-unsplash-Copy.jpg\" \/>\n<meta name=\"twitter:label1\" content=\"Estimated reading time\" \/>\n\t<meta name=\"twitter:data1\" content=\"1 minute\" \/>\n<script type=\"application\/ld+json\" class=\"yoast-schema-graph\">{\"@context\":\"https:\/\/schema.org\",\"@graph\":[{\"@type\":\"WebPage\",\"@id\":\"https:\/\/queijariasaomiguel.pt\/projetos-prr\/\",\"url\":\"https:\/\/queijariasaomiguel.pt\/cookiespolicy\",\"name\":\"PROJETOS PRR - QUEIJARIA S\u00c3O MIGUEL - A\u00e7ores\",\"isPartOf\":{\"@id\":\"https:\/\/queijariasaomiguel.pt\/#website\"},\"primaryImageOfPage\":{\"@id\":\"https:\/\/queijariasaomiguel.pt\/cookiespolicy#primaryimage\"},\"image\":{\"@id\":\"https:\/\/queijariasaomiguel.pt\/cookiespolicy#primaryimage\"},\"thumbnailUrl\":\"https:\/\/queijariasaomiguel.pt\/wp-content\/uploads\/2023\/03\/sandro-kradolfer-ywbvSBeWFPo-unsplash-Copy.jpg\",\"datePublished\":\"2025-11-20T19:49:07+00:00\",\"dateModified\":\"2025-11-24T18:16:03+00:00\",\"description\":\"Por favor, leia as nossas pol\u00edticas de privacidade e de cookies.\",\"breadcrumb\":{\"@id\":\"https:\/\/queijariasaomiguel.pt\/cookiespolicy#breadcrumb\"},\"inLanguage\":\"en-GB\",\"potentialAction\":[{\"@type\":\"ReadAction\",\"target\":[\"https:\/\/queijariasaomiguel.pt\/cookiespolicy\"]}]},{\"@type\":\"ImageObject\",\"inLanguage\":\"en-GB\",\"@id\":\"https:\/\/queijariasaomiguel.pt\/cookiespolicy#primaryimage\",\"url\":\"https:\/\/queijariasaomiguel.pt\/wp-content\/uploads\/2023\/03\/sandro-kradolfer-ywbvSBeWFPo-unsplash-Copy.jpg\",\"contentUrl\":\"https:\/\/queijariasaomiguel.pt\/wp-content\/uploads\/2023\/03\/sandro-kradolfer-ywbvSBeWFPo-unsplash-Copy.jpg\",\"width\":1920,\"height\":1280},{\"@type\":\"BreadcrumbList\",\"@id\":\"https:\/\/queijariasaomiguel.pt\/cookiespolicy#breadcrumb\",\"itemListElement\":[{\"@type\":\"ListItem\",\"position\":1,\"name\":\"In\u00edcio\",\"item\":\"https:\/\/queijariasaomiguel.pt\/\"},{\"@type\":\"ListItem\",\"position\":2,\"name\":\"PROJETOS PRR\"}]},{\"@type\":\"WebSite\",\"@id\":\"https:\/\/queijariasaomiguel.pt\/#website\",\"url\":\"https:\/\/queijariasaomiguel.pt\/\",\"name\":\"QUEIJARIA S\u00c3O MIGUEL - A\u00e7ores\",\"description\":\"Trazemos um novo sabor \u00e0 sua cozinha!\",\"publisher\":{\"@id\":\"https:\/\/queijariasaomiguel.pt\/#organization\"},\"potentialAction\":[{\"@type\":\"SearchAction\",\"target\":{\"@type\":\"EntryPoint\",\"urlTemplate\":\"https:\/\/queijariasaomiguel.pt\/?s={search_term_string}\"},\"query-input\":{\"@type\":\"PropertyValueSpecification\",\"valueRequired\":true,\"valueName\":\"search_term_string\"}}],\"inLanguage\":\"en-GB\"},{\"@type\":\"Organization\",\"@id\":\"https:\/\/queijariasaomiguel.pt\/#organization\",\"name\":\"QUEIJARIA S\u00c3O MIGUEL - A\u00e7ores\",\"url\":\"https:\/\/queijariasaomiguel.pt\/\",\"logo\":{\"@type\":\"ImageObject\",\"inLanguage\":\"en-GB\",\"@id\":\"https:\/\/queijariasaomiguel.pt\/#\/schema\/logo\/image\/\",\"url\":\"https:\/\/queijariasaomiguel.pt\/wp-content\/uploads\/2022\/12\/LOGO_FINAL.png\",\"contentUrl\":\"https:\/\/queijariasaomiguel.pt\/wp-content\/uploads\/2022\/12\/LOGO_FINAL.png\",\"width\":3307,\"height\":2077,\"caption\":\"QUEIJARIA S\u00c3O MIGUEL - A\u00e7ores\"},\"image\":{\"@id\":\"https:\/\/queijariasaomiguel.pt\/#\/schema\/logo\/image\/\"}}]}<\/script>\n<!-- \/ Yoast SEO plugin. -->","yoast_head_json":{"title":"PROJETOS PRR - QUEIJARIA S\u00c3O MIGUEL - A\u00e7ores","description":"Por favor, leia as nossas pol\u00edticas de privacidade e de cookies.","robots":{"index":"index","follow":"follow","max-snippet":"max-snippet:-1","max-image-preview":"max-image-preview:large","max-video-preview":"max-video-preview:-1"},"canonical":"https:\/\/queijariasaomiguel.pt\/en\/cookiespolicy\/","og_locale":"en_GB","og_type":"article","og_title":"PROJETOS PRR - QUEIJARIA S\u00c3O MIGUEL - A\u00e7ores","og_description":"Por favor, leia as nossas pol\u00edticas de privacidade e de cookies.","og_url":"https:\/\/queijariasaomiguel.pt\/en\/cookiespolicy\/","og_site_name":"QUEIJARIA S\u00c3O MIGUEL - A\u00e7ores","article_modified_time":"2025-11-24T18:16:03+00:00","og_image":[{"width":1920,"height":1280,"url":"https:\/\/queijariasaomiguel.pt\/wp-content\/uploads\/2023\/03\/sandro-kradolfer-ywbvSBeWFPo-unsplash-Copy.jpg","type":"image\/jpeg"}],"twitter_card":"summary_large_image","twitter_title":"PROJETOS PRR - QUEIJARIA S\u00c3O MIGUEL - A\u00e7ores","twitter_description":"Por favor, leia as nossas pol\u00edticas de privacidade e de cookies.","twitter_image":"https:\/\/queijariasaomiguel.pt\/wp-content\/uploads\/2023\/03\/sandro-kradolfer-ywbvSBeWFPo-unsplash-Copy.jpg","twitter_misc":{"Estimated reading time":"1 minute"},"schema":{"@context":"https:\/\/schema.org","@graph":[{"@type":"WebPage","@id":"https:\/\/queijariasaomiguel.pt\/projetos-prr\/","url":"https:\/\/queijariasaomiguel.pt\/cookiespolicy","name":"PROJETOS PRR - QUEIJARIA S\u00c3O MIGUEL - A\u00e7ores","isPartOf":{"@id":"https:\/\/queijariasaomiguel.pt\/#website"},"primaryImageOfPage":{"@id":"https:\/\/queijariasaomiguel.pt\/cookiespolicy#primaryimage"},"image":{"@id":"https:\/\/queijariasaomiguel.pt\/cookiespolicy#primaryimage"},"thumbnailUrl":"https:\/\/queijariasaomiguel.pt\/wp-content\/uploads\/2023\/03\/sandro-kradolfer-ywbvSBeWFPo-unsplash-Copy.jpg","datePublished":"2025-11-20T19:49:07+00:00","dateModified":"2025-11-24T18:16:03+00:00","description":"Por favor, leia as nossas pol\u00edticas de privacidade e de cookies.","breadcrumb":{"@id":"https:\/\/queijariasaomiguel.pt\/cookiespolicy#breadcrumb"},"inLanguage":"en-GB","potentialAction":[{"@type":"ReadAction","target":["https:\/\/queijariasaomiguel.pt\/cookiespolicy"]}]},{"@type":"ImageObject","inLanguage":"en-GB","@id":"https:\/\/queijariasaomiguel.pt\/cookiespolicy#primaryimage","url":"https:\/\/queijariasaomiguel.pt\/wp-content\/uploads\/2023\/03\/sandro-kradolfer-ywbvSBeWFPo-unsplash-Copy.jpg","contentUrl":"https:\/\/queijariasaomiguel.pt\/wp-content\/uploads\/2023\/03\/sandro-kradolfer-ywbvSBeWFPo-unsplash-Copy.jpg","width":1920,"height":1280},{"@type":"BreadcrumbList","@id":"https:\/\/queijariasaomiguel.pt\/cookiespolicy#breadcrumb","itemListElement":[{"@type":"ListItem","position":1,"name":"In\u00edcio","item":"https:\/\/queijariasaomiguel.pt\/"},{"@type":"ListItem","position":2,"name":"PROJETOS PRR"}]},{"@type":"WebSite","@id":"https:\/\/queijariasaomiguel.pt\/#website","url":"https:\/\/queijariasaomiguel.pt\/","name":"QUEIJARIA S\u00c3O MIGUEL - A\u00e7ores","description":"Trazemos um novo sabor \u00e0 sua cozinha!","publisher":{"@id":"https:\/\/queijariasaomiguel.pt\/#organization"},"potentialAction":[{"@type":"SearchAction","target":{"@type":"EntryPoint","urlTemplate":"https:\/\/queijariasaomiguel.pt\/?s={search_term_string}"},"query-input":{"@type":"PropertyValueSpecification","valueRequired":true,"valueName":"search_term_string"}}],"inLanguage":"en-GB"},{"@type":"Organization","@id":"https:\/\/queijariasaomiguel.pt\/#organization","name":"QUEIJARIA S\u00c3O MIGUEL - A\u00e7ores","url":"https:\/\/queijariasaomiguel.pt\/","logo":{"@type":"ImageObject","inLanguage":"en-GB","@id":"https:\/\/queijariasaomiguel.pt\/#\/schema\/logo\/image\/","url":"https:\/\/queijariasaomiguel.pt\/wp-content\/uploads\/2022\/12\/LOGO_FINAL.png","contentUrl":"https:\/\/queijariasaomiguel.pt\/wp-content\/uploads\/2022\/12\/LOGO_FINAL.png","width":3307,"height":2077,"caption":"QUEIJARIA S\u00c3O MIGUEL - A\u00e7ores"},"image":{"@id":"https:\/\/queijariasaomiguel.pt\/#\/schema\/logo\/image\/"}}]}},"_links":{"self":[{"href":"https:\/\/queijariasaomiguel.pt\/en\/wp-json\/wp\/v2\/pages\/2505","targetHints":{"allow":["GET"]}}],"collection":[{"href":"https:\/\/queijariasaomiguel.pt\/en\/wp-json\/wp\/v2\/pages"}],"about":[{"href":"https:\/\/queijariasaomiguel.pt\/en\/wp-json\/wp\/v2\/types\/page"}],"author":[{"embeddable":true,"href":"https:\/\/queijariasaomiguel.pt\/en\/wp-json\/wp\/v2\/users\/1"}],"replies":[{"embeddable":true,"href":"https:\/\/queijariasaomiguel.pt\/en\/wp-json\/wp\/v2\/comments?post=2505"}],"version-history":[{"count":0,"href":"https:\/\/queijariasaomiguel.pt\/en\/wp-json\/wp\/v2\/pages\/2505\/revisions"}],"wp:featuredmedia":[{"embeddable":true,"href":"https:\/\/queijariasaomiguel.pt\/en\/wp-json\/wp\/v2\/media\/770"}],"wp:attachment":[{"href":"https:\/\/queijariasaomiguel.pt\/en\/wp-json\/wp\/v2\/media?parent=2505"}],"curies":[{"name":"wp","href":"https:\/\/api.w.org\/{rel}","templated":true}]}}